{"id":713,"date":"2026-04-28T10:22:41","date_gmt":"2026-04-28T10:22:41","guid":{"rendered":"https:\/\/ki-non.de\/?page_id=713"},"modified":"2026-04-28T10:46:13","modified_gmt":"2026-04-28T10:46:13","slug":"cybersicher","status":"publish","type":"page","link":"https:\/\/ki-non.de\/index.php\/cybersicher\/","title":{"rendered":"Cybersicher"},"content":{"rendered":"<p>[et_pb_section fb_built=&#8220;1&#8243; _builder_version=&#8220;4.27.4&#8243; _module_preset=&#8220;default&#8220; global_colors_info=&#8220;{}&#8220;][et_pb_row column_structure=&#8220;2_3,1_3&#8243; _builder_version=&#8220;4.27.4&#8243; _module_preset=&#8220;default&#8220; global_colors_info=&#8220;{}&#8220;][et_pb_column type=&#8220;2_3&#8243; _builder_version=&#8220;4.27.4&#8243; _module_preset=&#8220;default&#8220; global_colors_info=&#8220;{}&#8220;][et_pb_image src=&#8220;https:\/\/ki-non.de\/wp-content\/uploads\/2026\/04\/MD_Cybersicher_RGB_Farbe.png&#8220; title_text=&#8220;MD_Cybersicher_RGB_Farbe&#8220; _builder_version=&#8220;4.27.4&#8243; _module_preset=&#8220;default&#8220; width=&#8220;36%&#8220; global_colors_info=&#8220;{}&#8220;][\/et_pb_image][et_pb_text _builder_version=&#8220;4.27.4&#8243; _module_preset=&#8220;default&#8220; header_font=&#8220;|||on|||||&#8220; header_text_color=&#8220;#2E3671&#8243; global_colors_info=&#8220;{}&#8220;]<\/p>\n<h1><b>Transferstelle Cybersicherheit im Mittelstand<\/b><\/h1>\n<p>[\/et_pb_text][\/et_pb_column][et_pb_column type=&#8220;1_3&#8243; _builder_version=&#8220;4.27.4&#8243; _module_preset=&#8220;default&#8220; global_colors_info=&#8220;{}&#8220;][\/et_pb_column][\/et_pb_row][et_pb_row column_structure=&#8220;2_3,1_3&#8243; _builder_version=&#8220;4.27.4&#8243; _module_preset=&#8220;default&#8220; global_colors_info=&#8220;{}&#8220;][et_pb_column type=&#8220;2_3&#8243; _builder_version=&#8220;4.27.4&#8243; _module_preset=&#8220;default&#8220; global_colors_info=&#8220;{}&#8220;][et_pb_text _builder_version=&#8220;4.27.4&#8243; _module_preset=&#8220;default&#8220; text_font=&#8220;Roboto|300|||||||&#8220; text_line_height=&#8220;1.71em&#8220; custom_margin=&#8220;1px|||||&#8220; global_colors_info=&#8220;{}&#8220;]<\/p>\n<p><strong>\u00dcber uns <\/strong><\/p>\n<p><span>Die Transferstelle Cybersicherheit im Mittelstand unterst\u00fctzt kleine und mittlere Unternehmen, Handwerksbetriebe und Start-ups kostenfrei bei der Pr\u00e4vention, Detektion und Reaktion auf Cyberangriffe. \u00dcber zahlreiche Veranstaltungen online und bundesweit, den\u00a0<\/span><b>CYBER<\/b><span>sicher Check, ihr einfaches Tool zur Ermittlung der Cybersicherheit, sowie die\u00a0<\/span><b>CYBER<\/b><span>sicher Notfallhilfe will das Projekt das Cybersicherheitsniveau im Mittelstand erh\u00f6hen und den deutschen Mittelstand so resilienter machen.<\/span><\/p>\n<p>[\/et_pb_text][\/et_pb_column][et_pb_column type=&#8220;1_3&#8243; _builder_version=&#8220;4.27.4&#8243; _module_preset=&#8220;default&#8220; global_colors_info=&#8220;{}&#8220;][et_pb_text _builder_version=&#8220;4.27.4&#8243; _module_preset=&#8220;default&#8220; text_font=&#8220;|300|||||||&#8220; text_text_color=&#8220;#FFFFFF&#8220; text_font_size=&#8220;14px&#8220; text_line_height=&#8220;1.6em&#8220; link_font=&#8220;Roboto||||||||&#8220; link_text_color=&#8220;#FFFFFF&#8220; background_color=&#8220;#2E3671&#8243; background_layout=&#8220;dark&#8220; min_height=&#8220;312.6px&#8220; custom_margin=&#8220;-181px|||||&#8220; custom_margin_tablet=&#8220;0px||||false|false&#8220; custom_margin_phone=&#8220;0px||||false|false&#8220; custom_margin_last_edited=&#8220;on|phone&#8220; custom_padding=&#8220;129px|10px|21px|16px|false|false&#8220; custom_padding_tablet=&#8220;62px|10px|21px|16px|false|false&#8220; custom_padding_phone=&#8220;37px|10px|21px|16px|false|false&#8220; custom_padding_last_edited=&#8220;on|phone&#8220; global_colors_info=&#8220;{}&#8220;]<\/p>\n<p><strong>ANSPRECHPARTNER<\/strong><br \/><b>Alisa Scholz<\/b><br \/><span>Projektmanagerin Didaktik<\/span><br \/>Transferstelle Cybersicherheit im Mittelstand<br \/><span>Institut f\u00fcr Berufsp\u00e4dagogik und Erwachsenenbildung<\/span><\/p>\n<p><span>Im Moore 11b, <\/span><span>30167 Hannover<br \/><\/span>Tel.: <span>0511-762 196 49<\/span><br \/>E-Mail: <a href=\"mailto:alisa.scholz@transferstelle-cybersicherheit.de\" id=\"OWAb9d8e970-9766-7bca-02f2-02cc105fb4ff\" class=\"OWAAutoLink\">alisa.scholz@transferstelle-cybersicherheit.de<\/a><br \/><a href=\"http:\/\/www.transferstelle-cybersicherheit.de\/\" id=\"OWAf06210ab-ddda-7de9-53d8-1bc8e80272de\" class=\"OWAAutoLink\" data-auth=\"NotApplicable\">www.transferstelle-cybersicherheit.de<\/a><\/p>\n<p>[\/et_pb_text][\/et_pb_column][\/et_pb_row][\/et_pb_section]<\/p>\n","protected":false},"excerpt":{"rendered":"<p>Transferstelle Cybersicherheit im Mittelstand\u00dcber uns Die Transferstelle Cybersicherheit im Mittelstand unterst\u00fctzt kleine und mittlere Unternehmen, Handwerksbetriebe und Start-ups kostenfrei bei der Pr\u00e4vention, Detektion und Reaktion auf Cyberangriffe. \u00dcber zahlreiche Veranstaltungen online und bundesweit, den\u00a0CYBERsicher Check, ihr einfaches Tool zur Ermittlung der Cybersicherheit, sowie die\u00a0CYBERsicher Notfallhilfe will das Projekt das Cybersicherheitsniveau im Mittelstand erh\u00f6hen und den [&hellip;]<\/p>\n","protected":false},"author":1,"featured_media":0,"parent":0,"menu_order":0,"comment_status":"closed","ping_status":"closed","template":"","meta":{"_et_pb_use_builder":"on","_et_pb_old_content":"","_et_gb_content_width":"","footnotes":""},"class_list":["post-713","page","type-page","status-publish","hentry"],"_links":{"self":[{"href":"https:\/\/ki-non.de\/index.php\/wp-json\/wp\/v2\/pages\/713","targetHints":{"allow":["GET"]}}],"collection":[{"href":"https:\/\/ki-non.de\/index.php\/wp-json\/wp\/v2\/pages"}],"about":[{"href":"https:\/\/ki-non.de\/index.php\/wp-json\/wp\/v2\/types\/page"}],"author":[{"embeddable":true,"href":"https:\/\/ki-non.de\/index.php\/wp-json\/wp\/v2\/users\/1"}],"replies":[{"embeddable":true,"href":"https:\/\/ki-non.de\/index.php\/wp-json\/wp\/v2\/comments?post=713"}],"version-history":[{"count":8,"href":"https:\/\/ki-non.de\/index.php\/wp-json\/wp\/v2\/pages\/713\/revisions"}],"predecessor-version":[{"id":723,"href":"https:\/\/ki-non.de\/index.php\/wp-json\/wp\/v2\/pages\/713\/revisions\/723"}],"wp:attachment":[{"href":"https:\/\/ki-non.de\/index.php\/wp-json\/wp\/v2\/media?parent=713"}],"curies":[{"name":"wp","href":"https:\/\/api.w.org\/{rel}","templated":true}]}}