{"id":241,"date":"2025-08-14T10:35:47","date_gmt":"2025-08-14T10:35:47","guid":{"rendered":"https:\/\/ki-non.de\/?page_id=241"},"modified":"2025-08-19T14:26:47","modified_gmt":"2025-08-19T14:26:47","slug":"leuphana-universitaet-lueneburg","status":"publish","type":"page","link":"https:\/\/ki-non.de\/index.php\/leuphana-universitaet-lueneburg\/","title":{"rendered":"Leuphana Universit\u00e4t L\u00fcneburg"},"content":{"rendered":"<p>[et_pb_section fb_built=&#8220;1&#8243; _builder_version=&#8220;4.27.4&#8243; _module_preset=&#8220;default&#8220; global_colors_info=&#8220;{}&#8220;][et_pb_row _builder_version=&#8220;4.27.4&#8243; _module_preset=&#8220;default&#8220; global_colors_info=&#8220;{}&#8220; column_structure=&#8220;2_3,1_3&#8243;][et_pb_column type=&#8220;2_3&#8243; _builder_version=&#8220;4.27.4&#8243; _module_preset=&#8220;default&#8220; global_colors_info=&#8220;{}&#8220;][et_pb_image src=&#8220;https:\/\/ki-non.de\/wp-content\/uploads\/2025\/08\/leuphana_logo_DE_mit-schutzraum_CMYK_.jpg&#8220; title_text=&#8220;leuphana_logo_DE_mit-schutzraum_CMYK_&#8220; _builder_version=&#8220;4.27.4&#8243; _module_preset=&#8220;default&#8220; width=&#8220;36%&#8220; hover_enabled=&#8220;0&#8243; global_colors_info=&#8220;{}&#8220; sticky_enabled=&#8220;0&#8243;][\/et_pb_image][et_pb_text _builder_version=&#8220;4.27.4&#8243; _module_preset=&#8220;default&#8220; header_font=&#8220;|||on|||||&#8220; header_text_color=&#8220;#2E3671&#8243; global_colors_info=&#8220;{}&#8220;]<\/p>\n<h1><strong>leuphana universit\u00e4t l\u00fcneburg<\/strong><\/h1>\n<p>[\/et_pb_text][\/et_pb_column][et_pb_column type=&#8220;1_3&#8243; _builder_version=&#8220;4.27.4&#8243; _module_preset=&#8220;default&#8220; global_colors_info=&#8220;{}&#8220;][\/et_pb_column][\/et_pb_row][et_pb_row column_structure=&#8220;2_3,1_3&#8243; _builder_version=&#8220;4.27.4&#8243; _module_preset=&#8220;default&#8220; global_colors_info=&#8220;{}&#8220;][et_pb_column type=&#8220;2_3&#8243; _builder_version=&#8220;4.27.4&#8243; _module_preset=&#8220;default&#8220; global_colors_info=&#8220;{}&#8220;][et_pb_text _builder_version=&#8220;4.27.4&#8243; _module_preset=&#8220;default&#8220; text_font=&#8220;Roboto|300|||||||&#8220; text_line_height=&#8220;1.71em&#8220; global_colors_info=&#8220;{}&#8220;]<\/p>\n<p><strong>\u00dcber uns <\/strong><\/p>\n<p>Die KI-Forschenden der Leuphana Universit\u00e4t L\u00fcneburg z\u00e4hlen zu den f\u00fchrenden Expert*innen in ihren Fachbereichen. Mit ihrer wissenschaftlichen Arbeit leisten sie einen bedeutenden Beitrag zur Entwicklung KI-basierter Innovationen. Diese Expertise bildet die Basis f\u00fcr Kooperationen mit Unternehmen und Netzwerken \u2013 und st\u00e4rkt so die Umsetzung verantwortungsvoller, datenbasierter L\u00f6sungen in Wirtschaft und Gesellschaft.<\/p>\n<ul>\n<ul>\n<li>Informationen f\u00fcr Unternehmen zu Kooperationen mit der Leuphana Universit\u00e4t L\u00fcneburg:\u00a0<a href=\"https:\/\/www.leuphana.de\/kooperationen.html\">https:\/\/www.leuphana.de\/kooperationen.html<\/a><\/li>\n<li>K\u00fcnstliche Intelligenz &#8211; Ein \u00dcberblick \u00fcber den Stand in Forschung, Lehre, Weiterbildung:\u00a0<a href=\"https:\/\/www.leuphana.de\/universitaet\/kuenstliche-intelligenz.html\">https:\/\/www.leuphana.de\/universitaet\/kuenstliche-intelligenz.html<\/a><\/li>\n<\/ul>\n<\/ul>\n<p>[\/et_pb_text][\/et_pb_column][et_pb_column type=&#8220;1_3&#8243; _builder_version=&#8220;4.27.4&#8243; _module_preset=&#8220;default&#8220; global_colors_info=&#8220;{}&#8220;][et_pb_text _builder_version=&#8220;4.27.4&#8243; _module_preset=&#8220;default&#8220; text_font=&#8220;|300|||||||&#8220; text_text_color=&#8220;#FFFFFF&#8220; text_font_size=&#8220;14px&#8220; text_line_height=&#8220;1.6em&#8220; link_text_color=&#8220;#FFFFFF&#8220; background_color=&#8220;#2E3671&#8243; background_layout=&#8220;dark&#8220; min_height=&#8220;323.6px&#8220; custom_margin=&#8220;-196px|||||&#8220; custom_margin_tablet=&#8220;0px||||false|false&#8220; custom_margin_phone=&#8220;-28px||||false|false&#8220; custom_margin_last_edited=&#8220;on|phone&#8220; custom_padding=&#8220;311px|10px|21px|16px|false|false&#8220; custom_padding_tablet=&#8220;30px|10px|5px|16px|false|false&#8220; custom_padding_phone=&#8220;64px|10px|21px|16px|false|false&#8220; custom_padding_last_edited=&#8220;on|phone&#8220; global_colors_info=&#8220;{}&#8220;]<\/p>\n<p><strong>ANSPRECHPARTNER<br \/><\/strong>Dr. Nicolas Meier<br \/>Leuphana Kooperations-Service<\/p>\n<p>Universit\u00e4tsallee 1, 21335 L\u00fcneburg<\/p>\n<p>Tel.: 04131 &#8211; 677-1211<br \/>E-Mail: <a href=\"mailto:nicolas.meier@leuphana.de\">nicolas.meier@leuphana.de<\/a><br \/><a href=\"http:\/\/www.leuphana.de\/kooperationen\">www.leuphana.de\/kooperationen<\/a><\/p>\n<p>[\/et_pb_text][\/et_pb_column][\/et_pb_row][\/et_pb_section][et_pb_section fb_built=&#8220;1&#8243; _builder_version=&#8220;4.27.4&#8243; _module_preset=&#8220;default&#8220; background_color=&#8220;#2E3671&#8243; background_image=&#8220;https:\/\/ki-non.de\/wp-content\/uploads\/2025\/08\/header-kinon-02-scaled.jpg&#8220; custom_padding=&#8220;7px||40px|||&#8220; global_colors_info=&#8220;{}&#8220;][et_pb_row _builder_version=&#8220;4.27.4&#8243; _module_preset=&#8220;default&#8220; global_colors_info=&#8220;{}&#8220;][et_pb_column type=&#8220;4_4&#8243; _builder_version=&#8220;4.27.4&#8243; _module_preset=&#8220;default&#8220; global_colors_info=&#8220;{}&#8220;][et_pb_text _builder_version=&#8220;4.27.4&#8243; _module_preset=&#8220;default&#8220; header_2_font=&#8220;||||||||&#8220; header_2_text_color=&#8220;#FFFFFF&#8220; header_2_line_height=&#8220;1.2em&#8220; custom_padding=&#8220;0px|||||&#8220; global_colors_info=&#8220;{}&#8220;]<\/p>\n<h2><span>Zukunft gestalten &#8211; Innovation vernetzt denken.<br \/>Werde Teil der\u00a0<\/span><b>KI.NON<\/b><span> &#8211; <\/span><b>Community of Practice<\/b><\/h2>\n<p>[\/et_pb_text][et_pb_button button_url=&#8220;@ET-DC@eyJkeW5hbWljIjp0cnVlLCJjb250ZW50IjoicG9zdF9saW5rX3VybF9wYWdlIiwic2V0dGluZ3MiOnsicG9zdF9pZCI6IjMyNiJ9fQ==@&#8220; button_text=&#8220;Jetzt registrieren&#8220; _builder_version=&#8220;4.27.4&#8243; _dynamic_attributes=&#8220;button_url&#8220; _module_preset=&#8220;default&#8220; background_layout=&#8220;dark&#8220; global_colors_info=&#8220;{}&#8220;][\/et_pb_button][\/et_pb_column][\/et_pb_row][\/et_pb_section]<\/p>\n","protected":false},"excerpt":{"rendered":"<p>leuphana universit\u00e4t l\u00fcneburg\u00dcber uns Die KI-Forschenden der Leuphana Universit\u00e4t L\u00fcneburg z\u00e4hlen zu den f\u00fchrenden Expert*innen in ihren Fachbereichen. Mit ihrer wissenschaftlichen Arbeit leisten sie einen bedeutenden Beitrag zur Entwicklung KI-basierter Innovationen. Diese Expertise bildet die Basis f\u00fcr Kooperationen mit Unternehmen und Netzwerken \u2013 und st\u00e4rkt so die Umsetzung verantwortungsvoller, datenbasierter L\u00f6sungen in Wirtschaft und Gesellschaft. [&hellip;]<\/p>\n","protected":false},"author":1,"featured_media":0,"parent":0,"menu_order":0,"comment_status":"closed","ping_status":"closed","template":"","meta":{"_et_pb_use_builder":"on","_et_pb_old_content":"","_et_gb_content_width":"","footnotes":""},"class_list":["post-241","page","type-page","status-publish","hentry"],"_links":{"self":[{"href":"https:\/\/ki-non.de\/index.php\/wp-json\/wp\/v2\/pages\/241","targetHints":{"allow":["GET"]}}],"collection":[{"href":"https:\/\/ki-non.de\/index.php\/wp-json\/wp\/v2\/pages"}],"about":[{"href":"https:\/\/ki-non.de\/index.php\/wp-json\/wp\/v2\/types\/page"}],"author":[{"embeddable":true,"href":"https:\/\/ki-non.de\/index.php\/wp-json\/wp\/v2\/users\/1"}],"replies":[{"embeddable":true,"href":"https:\/\/ki-non.de\/index.php\/wp-json\/wp\/v2\/comments?post=241"}],"version-history":[{"count":10,"href":"https:\/\/ki-non.de\/index.php\/wp-json\/wp\/v2\/pages\/241\/revisions"}],"predecessor-version":[{"id":411,"href":"https:\/\/ki-non.de\/index.php\/wp-json\/wp\/v2\/pages\/241\/revisions\/411"}],"wp:attachment":[{"href":"https:\/\/ki-non.de\/index.php\/wp-json\/wp\/v2\/media?parent=241"}],"curies":[{"name":"wp","href":"https:\/\/api.w.org\/{rel}","templated":true}]}}