{"id":227,"date":"2025-08-14T10:14:55","date_gmt":"2025-08-14T10:14:55","guid":{"rendered":"https:\/\/ki-non.de\/?page_id=227"},"modified":"2025-08-19T14:22:02","modified_gmt":"2025-08-19T14:22:02","slug":"wirtschaftsfoerderung","status":"publish","type":"page","link":"https:\/\/ki-non.de\/index.php\/wirtschaftsfoerderung\/","title":{"rendered":"Wirtschaftsf\u00f6rderung"},"content":{"rendered":"<p>[et_pb_section fb_built=&#8220;1&#8243; _builder_version=&#8220;4.27.4&#8243; _module_preset=&#8220;default&#8220; global_colors_info=&#8220;{}&#8220;][et_pb_row _builder_version=&#8220;4.27.4&#8243; _module_preset=&#8220;default&#8220; global_colors_info=&#8220;{}&#8220; column_structure=&#8220;3_5,2_5&#8243;][et_pb_column type=&#8220;3_5&#8243; _builder_version=&#8220;4.27.4&#8243; _module_preset=&#8220;default&#8220; global_colors_info=&#8220;{}&#8220;][et_pb_image src=&#8220;https:\/\/ki-non.de\/wp-content\/uploads\/2025\/08\/Logo_WLH_300dpi.jpg&#8220; title_text=&#8220;Logo_WLH_300dpi&#8220; _builder_version=&#8220;4.27.4&#8243; _module_preset=&#8220;default&#8220; width=&#8220;25%&#8220; hover_enabled=&#8220;0&#8243; global_colors_info=&#8220;{}&#8220; sticky_enabled=&#8220;0&#8243;][\/et_pb_image][et_pb_text _builder_version=&#8220;4.27.4&#8243; _module_preset=&#8220;default&#8220; header_font=&#8220;|||on|||||&#8220; header_text_color=&#8220;#2E3671&#8243; global_colors_info=&#8220;{}&#8220;]<\/p>\n<h1><strong>Wirtschaftsf\u00f6rderung im Landkreis<br \/>Harburg gmbh<\/strong><\/h1>\n<p>[\/et_pb_text][\/et_pb_column][et_pb_column type=&#8220;2_5&#8243; _builder_version=&#8220;4.27.4&#8243; _module_preset=&#8220;default&#8220; global_colors_info=&#8220;{}&#8220;][\/et_pb_column][\/et_pb_row][et_pb_row column_structure=&#8220;2_3,1_3&#8243; _builder_version=&#8220;4.27.4&#8243; _module_preset=&#8220;default&#8220; global_colors_info=&#8220;{}&#8220;][et_pb_column type=&#8220;2_3&#8243; _builder_version=&#8220;4.27.4&#8243; _module_preset=&#8220;default&#8220; global_colors_info=&#8220;{}&#8220;][et_pb_text _builder_version=&#8220;4.27.4&#8243; _module_preset=&#8220;default&#8220; text_font=&#8220;Roboto|300|||||||&#8220; text_line_height=&#8220;1.71em&#8220; global_colors_info=&#8220;{}&#8220;]<\/p>\n<p><strong>\u00dcber uns <\/strong><\/p>\n<p>Die WLH Wirtschaftsf\u00f6rderung im Landkreis Harburg GmbH betreibt ein privates 5G-Netz im Technologie- und Innovationspark Nordheide in Buchholz i.d.N. Diese Infrastruktur und das bestehende Netzwerk aus Hochschulen und Unternehmen ist die Basis f\u00fcr das entstehende Kompetenzzentrum f\u00fcr Digitalisierung in KMU und Beh\u00f6rden im Landkreis Harburg. Im Innovationsnetzwerk KI.NON entwickelt die WLH gerne gemeinsam mit Anwendern KI-basierte Projekte und bietet M\u00f6glichkeiten zur Erprobung von digitalen L\u00f6sungen.<\/p>\n<p>[\/et_pb_text][\/et_pb_column][et_pb_column type=&#8220;1_3&#8243; _builder_version=&#8220;4.27.4&#8243; _module_preset=&#8220;default&#8220; global_colors_info=&#8220;{}&#8220;][et_pb_text _builder_version=&#8220;4.27.4&#8243; _module_preset=&#8220;default&#8220; text_font=&#8220;|300|||||||&#8220; text_text_color=&#8220;#FFFFFF&#8220; text_font_size=&#8220;14px&#8220; text_line_height=&#8220;1.6em&#8220; link_text_color=&#8220;#FFFFFF&#8220; background_color=&#8220;#2E3671&#8243; background_layout=&#8220;dark&#8220; min_height=&#8220;312.6px&#8220; custom_margin=&#8220;-258px|||||&#8220; custom_margin_tablet=&#8220;0px||||false|false&#8220; custom_margin_phone=&#8220;0px||||false|false&#8220; custom_margin_last_edited=&#8220;on|phone&#8220; custom_padding=&#8220;256px|10px|35px|16px|false|false&#8220; custom_padding_tablet=&#8220;40px|10px|35px|16px|false|false&#8220; custom_padding_phone=&#8220;54px||||false|false&#8220; custom_padding_last_edited=&#8220;on|phone&#8220; global_colors_info=&#8220;{}&#8220;]<\/p>\n<p><strong>ANSPRECHPARTNER<\/strong><\/p>\n<p>Dr. Timo Maurer<br \/>Innovationsmanagement<\/p>\n<p>B\u00e4ckerstr. 6 , 21244 Buchholz<br \/>Tel.: 04181-923 621<br \/>E-Mail: <a href=\"mailto:%20maurer@wlh.eu\">maurer@wlh.eu<\/a><br \/><a href=\"http:\/\/www.wlh.eu\">www.wlh.eu<\/a><br \/><a href=\"http:\/\/www.isi-wlh.eu\">www.isi-wlh.eu<\/a><\/p>\n<p>[\/et_pb_text][\/et_pb_column][\/et_pb_row][\/et_pb_section][et_pb_section fb_built=&#8220;1&#8243; _builder_version=&#8220;4.27.4&#8243; _module_preset=&#8220;default&#8220; background_color=&#8220;#2E3671&#8243; background_image=&#8220;https:\/\/ki-non.de\/wp-content\/uploads\/2025\/08\/header-kinon-02-scaled.jpg&#8220; custom_padding=&#8220;7px||40px|||&#8220; global_colors_info=&#8220;{}&#8220;][et_pb_row _builder_version=&#8220;4.27.4&#8243; _module_preset=&#8220;default&#8220; global_colors_info=&#8220;{}&#8220;][et_pb_column type=&#8220;4_4&#8243; _builder_version=&#8220;4.27.4&#8243; _module_preset=&#8220;default&#8220; global_colors_info=&#8220;{}&#8220;][et_pb_text _builder_version=&#8220;4.27.4&#8243; _module_preset=&#8220;default&#8220; header_2_font=&#8220;||||||||&#8220; header_2_text_color=&#8220;#FFFFFF&#8220; header_2_line_height=&#8220;1.2em&#8220; custom_padding=&#8220;0px|||||&#8220; global_colors_info=&#8220;{}&#8220;]<\/p>\n<h2><span>Zukunft gestalten &#8211; Innovation vernetzt denken.<br \/>Werde Teil der\u00a0<\/span><b>KI.NON<\/b><span> &#8211; <\/span><b>Community of Practice<\/b><\/h2>\n<p>[\/et_pb_text][et_pb_button button_url=&#8220;@ET-DC@eyJkeW5hbWljIjp0cnVlLCJjb250ZW50IjoicG9zdF9saW5rX3VybF9wYWdlIiwic2V0dGluZ3MiOnsicG9zdF9pZCI6IjMyNiJ9fQ==@&#8220; button_text=&#8220;Jetzt registrieren&#8220; _builder_version=&#8220;4.27.4&#8243; _dynamic_attributes=&#8220;button_url&#8220; _module_preset=&#8220;default&#8220; background_layout=&#8220;dark&#8220; global_colors_info=&#8220;{}&#8220;][\/et_pb_button][\/et_pb_column][\/et_pb_row][\/et_pb_section]<\/p>\n","protected":false},"excerpt":{"rendered":"<p>Wirtschaftsf\u00f6rderung im LandkreisHarburg gmbh\u00dcber uns Die WLH Wirtschaftsf\u00f6rderung im Landkreis Harburg GmbH betreibt ein privates 5G-Netz im Technologie- und Innovationspark Nordheide in Buchholz i.d.N. Diese Infrastruktur und das bestehende Netzwerk aus Hochschulen und Unternehmen ist die Basis f\u00fcr das entstehende Kompetenzzentrum f\u00fcr Digitalisierung in KMU und Beh\u00f6rden im Landkreis Harburg. Im Innovationsnetzwerk KI.NON entwickelt die [&hellip;]<\/p>\n","protected":false},"author":1,"featured_media":0,"parent":0,"menu_order":0,"comment_status":"closed","ping_status":"closed","template":"","meta":{"_et_pb_use_builder":"on","_et_pb_old_content":"","_et_gb_content_width":"","footnotes":""},"class_list":["post-227","page","type-page","status-publish","hentry"],"_links":{"self":[{"href":"https:\/\/ki-non.de\/index.php\/wp-json\/wp\/v2\/pages\/227","targetHints":{"allow":["GET"]}}],"collection":[{"href":"https:\/\/ki-non.de\/index.php\/wp-json\/wp\/v2\/pages"}],"about":[{"href":"https:\/\/ki-non.de\/index.php\/wp-json\/wp\/v2\/types\/page"}],"author":[{"embeddable":true,"href":"https:\/\/ki-non.de\/index.php\/wp-json\/wp\/v2\/users\/1"}],"replies":[{"embeddable":true,"href":"https:\/\/ki-non.de\/index.php\/wp-json\/wp\/v2\/comments?post=227"}],"version-history":[{"count":11,"href":"https:\/\/ki-non.de\/index.php\/wp-json\/wp\/v2\/pages\/227\/revisions"}],"predecessor-version":[{"id":405,"href":"https:\/\/ki-non.de\/index.php\/wp-json\/wp\/v2\/pages\/227\/revisions\/405"}],"wp:attachment":[{"href":"https:\/\/ki-non.de\/index.php\/wp-json\/wp\/v2\/media?parent=227"}],"curies":[{"name":"wp","href":"https:\/\/api.w.org\/{rel}","templated":true}]}}